{"id":176,"date":"2023-09-20T22:51:03","date_gmt":"2023-09-20T22:51:03","guid":{"rendered":"https:\/\/mundocafe.com.ec\/?page_id=176"},"modified":"2023-09-20T23:03:51","modified_gmt":"2023-09-20T23:03:51","slug":"servicio-tecnico","status":"publish","type":"page","link":"https:\/\/mundocafe.com.ec\/?page_id=176","title":{"rendered":"Servicio T\u00e9cnico"},"content":{"rendered":"\t\t<div data-elementor-type=\"wp-post\" data-elementor-id=\"176\" class=\"elementor elementor-176\">\n\t\t\t\t<div class=\"elementor-element elementor-element-37612d4 e-flex e-con-boxed e-con e-parent\" data-id=\"37612d4\" data-element_type=\"container\" data-e-type=\"container\">\n\t\t\t\t\t<div class=\"e-con-inner\">\n\t\t<div class=\"elementor-element elementor-element-385a1e4 e-con-full e-flex e-con e-child\" data-id=\"385a1e4\" data-element_type=\"container\" data-e-type=\"container\">\n\t\t\t\t<div class=\"elementor-element elementor-element-e5bcf98 elementor-widget__width-initial elementor-widget elementor-widget-image\" data-id=\"e5bcf98\" data-element_type=\"widget\" data-e-type=\"widget\" data-widget_type=\"image.default\">\n\t\t\t\t<div class=\"elementor-widget-container\">\n\t\t\t\t\t\t\t\t\t\t\t\t\t\t\t<img fetchpriority=\"high\" decoding=\"async\" width=\"1024\" height=\"341\" src=\"https:\/\/mundocafe.com.ec\/wp-content\/uploads\/2023\/09\/Tecnico-3-1024x341.jpg\" class=\"attachment-large size-large wp-image-179\" alt=\"\" srcset=\"https:\/\/mundocafe.com.ec\/wp-content\/uploads\/2023\/09\/Tecnico-3-1024x341.jpg 1024w, https:\/\/mundocafe.com.ec\/wp-content\/uploads\/2023\/09\/Tecnico-3-300x100.jpg 300w, https:\/\/mundocafe.com.ec\/wp-content\/uploads\/2023\/09\/Tecnico-3-768x256.jpg 768w, https:\/\/mundocafe.com.ec\/wp-content\/uploads\/2023\/09\/Tecnico-3.jpg 1200w\" sizes=\"(max-width: 1024px) 100vw, 1024px\" \/>\t\t\t\t\t\t\t\t\t\t\t\t\t\t\t<\/div>\n\t\t\t\t<\/div>\n\t\t\t\t<\/div>\n\t\t\t\t<div class=\"elementor-element elementor-element-e277024 elementor-widget elementor-widget-text-editor\" data-id=\"e277024\" data-element_type=\"widget\" data-e-type=\"widget\" data-widget_type=\"text-editor.default\">\n\t\t\t\t<div class=\"elementor-widget-container\">\n\t\t\t\t\t\t\t\t\t<p>Nuestro equipo de t\u00e9cnicos altamente capacitados cuenta con a\u00f1os de experiencia en el manejo y reparaci\u00f3n de cafeteras y m\u00e1quinas expendedoras de todas las marcas y modelos.<\/p><p>Nos aseguramos de brindar un servicio r\u00e1pido, eficiente y de calidad, para que su cafetera vuelva a funcionar como nueva en el menor tiempo posible.<\/p>\t\t\t\t\t\t\t\t<\/div>\n\t\t\t\t<\/div>\n\t\t\t\t\t<\/div>\n\t\t\t\t<\/div>\n\t\t<div class=\"elementor-element elementor-element-d22c1af e-flex e-con-boxed e-con e-parent\" data-id=\"d22c1af\" data-element_type=\"container\" data-e-type=\"container\">\n\t\t\t\t\t<div class=\"e-con-inner\">\n\t\t\t\t<div class=\"elementor-element elementor-element-8bac59a elementor-widget-divider--view-line elementor-widget elementor-widget-divider\" data-id=\"8bac59a\" data-element_type=\"widget\" data-e-type=\"widget\" data-widget_type=\"divider.default\">\n\t\t\t\t<div class=\"elementor-widget-container\">\n\t\t\t\t\t\t\t<div class=\"elementor-divider\">\n\t\t\t<span class=\"elementor-divider-separator\">\n\t\t\t\t\t\t<\/span>\n\t\t<\/div>\n\t\t\t\t\t\t<\/div>\n\t\t\t\t<\/div>\n\t\t\t\t\t<\/div>\n\t\t\t\t<\/div>\n\t\t<div class=\"elementor-element elementor-element-2ee9cce e-flex e-con-boxed e-con e-parent\" data-id=\"2ee9cce\" data-element_type=\"container\" data-e-type=\"container\">\n\t\t\t\t\t<div class=\"e-con-inner\">\n\t\t<div class=\"elementor-element elementor-element-825ade4 e-con-full e-flex e-con e-child\" data-id=\"825ade4\" data-element_type=\"container\" data-e-type=\"container\">\n\t\t\t\t<div class=\"elementor-element elementor-element-46c3bee elementor-widget elementor-widget-image\" data-id=\"46c3bee\" data-element_type=\"widget\" data-e-type=\"widget\" data-widget_type=\"image.default\">\n\t\t\t\t<div class=\"elementor-widget-container\">\n\t\t\t\t\t\t\t\t\t\t\t\t\t\t\t<img decoding=\"async\" width=\"300\" height=\"220\" src=\"https:\/\/mundocafe.com.ec\/wp-content\/uploads\/2023\/09\/Tecnico1-300x220.jpg\" class=\"attachment-medium size-medium wp-image-180\" alt=\"\" srcset=\"https:\/\/mundocafe.com.ec\/wp-content\/uploads\/2023\/09\/Tecnico1-300x220.jpg 300w, https:\/\/mundocafe.com.ec\/wp-content\/uploads\/2023\/09\/Tecnico1-1024x751.jpg 1024w, https:\/\/mundocafe.com.ec\/wp-content\/uploads\/2023\/09\/Tecnico1-768x563.jpg 768w, https:\/\/mundocafe.com.ec\/wp-content\/uploads\/2023\/09\/Tecnico1.jpg 1200w\" sizes=\"(max-width: 300px) 100vw, 300px\" \/>\t\t\t\t\t\t\t\t\t\t\t\t\t\t\t<\/div>\n\t\t\t\t<\/div>\n\t\t\t\t<\/div>\n\t\t<div class=\"elementor-element elementor-element-bf87122 e-con-full e-flex e-con e-child\" data-id=\"bf87122\" data-element_type=\"container\" data-e-type=\"container\">\n\t\t\t\t<div class=\"elementor-element elementor-element-d461ce3 elementor-arrows-position-inside elementor-pagination-position-outside elementor-widget elementor-widget-image-carousel\" data-id=\"d461ce3\" data-element_type=\"widget\" data-e-type=\"widget\" data-settings=\"{&quot;navigation&quot;:&quot;both&quot;,&quot;autoplay&quot;:&quot;yes&quot;,&quot;pause_on_hover&quot;:&quot;yes&quot;,&quot;pause_on_interaction&quot;:&quot;yes&quot;,&quot;autoplay_speed&quot;:5000,&quot;infinite&quot;:&quot;yes&quot;,&quot;speed&quot;:500}\" data-widget_type=\"image-carousel.default\">\n\t\t\t\t<div class=\"elementor-widget-container\">\n\t\t\t\t\t\t\t<div class=\"elementor-image-carousel-wrapper swiper\" role=\"region\" aria-roledescription=\"carousel\" aria-label=\"Carrusel de im\u00e1genes\" dir=\"ltr\">\n\t\t\t<div class=\"elementor-image-carousel swiper-wrapper\" aria-live=\"off\">\n\t\t\t\t\t\t\t\t<div class=\"swiper-slide\" role=\"group\" aria-roledescription=\"slide\" aria-label=\"1 de 8\"><figure class=\"swiper-slide-inner\"><img decoding=\"async\" class=\"swiper-slide-image\" src=\"https:\/\/mundocafe.com.ec\/wp-content\/uploads\/2023\/09\/Saeco_logo_gray.png\" alt=\"Saeco_logo_gray\" \/><\/figure><\/div><div class=\"swiper-slide\" role=\"group\" aria-roledescription=\"slide\" aria-label=\"2 de 8\"><figure class=\"swiper-slide-inner\"><img decoding=\"async\" class=\"swiper-slide-image\" src=\"https:\/\/mundocafe.com.ec\/wp-content\/uploads\/2023\/09\/Rancilio.png\" alt=\"Rancilio\" \/><\/figure><\/div><div class=\"swiper-slide\" role=\"group\" aria-roledescription=\"slide\" aria-label=\"3 de 8\"><figure class=\"swiper-slide-inner\"><img decoding=\"async\" class=\"swiper-slide-image\" src=\"https:\/\/mundocafe.com.ec\/wp-content\/uploads\/2023\/09\/nuova-simonelli-logo-png-transparent.png\" alt=\"nuova-simonelli-logo-png-transparent\" \/><\/figure><\/div><div class=\"swiper-slide\" role=\"group\" aria-roledescription=\"slide\" aria-label=\"4 de 8\"><figure class=\"swiper-slide-inner\"><img decoding=\"async\" class=\"swiper-slide-image\" src=\"https:\/\/mundocafe.com.ec\/wp-content\/uploads\/2023\/09\/Jura_logo_transparent_bg.png\" alt=\"Jura_logo_transparent_bg\" \/><\/figure><\/div><div class=\"swiper-slide\" role=\"group\" aria-roledescription=\"slide\" aria-label=\"5 de 8\"><figure class=\"swiper-slide-inner\"><img decoding=\"async\" class=\"swiper-slide-image\" src=\"https:\/\/mundocafe.com.ec\/wp-content\/uploads\/2023\/09\/gaggia.jpg\" alt=\"gaggia\" \/><\/figure><\/div><div class=\"swiper-slide\" role=\"group\" aria-roledescription=\"slide\" aria-label=\"6 de 8\"><figure class=\"swiper-slide-inner\"><img decoding=\"async\" class=\"swiper-slide-image\" src=\"https:\/\/mundocafe.com.ec\/wp-content\/uploads\/2023\/09\/breville-logo.png\" alt=\"breville-logo\" \/><\/figure><\/div><div class=\"swiper-slide\" role=\"group\" aria-roledescription=\"slide\" aria-label=\"7 de 8\"><figure class=\"swiper-slide-inner\"><img decoding=\"async\" class=\"swiper-slide-image\" src=\"https:\/\/mundocafe.com.ec\/wp-content\/uploads\/2023\/09\/bianchi-logo-png-transparent.png\" alt=\"bianchi-logo-png-transparent\" \/><\/figure><\/div><div class=\"swiper-slide\" role=\"group\" aria-roledescription=\"slide\" aria-label=\"8 de 8\"><figure class=\"swiper-slide-inner\"><img decoding=\"async\" class=\"swiper-slide-image\" src=\"https:\/\/mundocafe.com.ec\/wp-content\/uploads\/2023\/09\/aSTORIA.png\" alt=\"aSTORIA\" \/><\/figure><\/div>\t\t\t<\/div>\n\t\t\t\t\t\t\t\t\t\t\t\t<div class=\"elementor-swiper-button elementor-swiper-button-prev\" role=\"button\" tabindex=\"0\">\n\t\t\t\t\t\t<i aria-hidden=\"true\" class=\"eicon-chevron-left\"><\/i>\t\t\t\t\t<\/div>\n\t\t\t\t\t<div class=\"elementor-swiper-button elementor-swiper-button-next\" role=\"button\" tabindex=\"0\">\n\t\t\t\t\t\t<i aria-hidden=\"true\" class=\"eicon-chevron-right\"><\/i>\t\t\t\t\t<\/div>\n\t\t\t\t\n\t\t\t\t\t\t\t\t\t<div class=\"swiper-pagination\"><\/div>\n\t\t\t\t\t\t\t\t\t<\/div>\n\t\t\t\t\t\t<\/div>\n\t\t\t\t<\/div>\n\t\t\t\t<\/div>\n\t\t\t\t\t<\/div>\n\t\t\t\t<\/div>\n\t\t<div class=\"elementor-element elementor-element-0e49f19 e-flex e-con-boxed e-con e-parent\" data-id=\"0e49f19\" data-element_type=\"container\" data-e-type=\"container\">\n\t\t\t\t\t<div class=\"e-con-inner\">\n\t\t\t\t<div class=\"elementor-element elementor-element-f351b64 elementor-widget-divider--view-line elementor-widget elementor-widget-divider\" data-id=\"f351b64\" data-element_type=\"widget\" data-e-type=\"widget\" data-widget_type=\"divider.default\">\n\t\t\t\t<div class=\"elementor-widget-container\">\n\t\t\t\t\t\t\t<div class=\"elementor-divider\">\n\t\t\t<span class=\"elementor-divider-separator\">\n\t\t\t\t\t\t<\/span>\n\t\t<\/div>\n\t\t\t\t\t\t<\/div>\n\t\t\t\t<\/div>\n\t\t\t\t\t<\/div>\n\t\t\t\t<\/div>\n\t\t<div class=\"elementor-element elementor-element-e75abba e-flex e-con-boxed e-con e-parent\" data-id=\"e75abba\" data-element_type=\"container\" data-e-type=\"container\">\n\t\t\t\t\t<div class=\"e-con-inner\">\n\t\t<div class=\"elementor-element elementor-element-261be5b e-con-full e-flex e-con e-child\" data-id=\"261be5b\" data-element_type=\"container\" data-e-type=\"container\">\n\t\t\t\t<div class=\"elementor-element elementor-element-7850a47 elementor-widget elementor-widget-text-editor\" data-id=\"7850a47\" data-element_type=\"widget\" data-e-type=\"widget\" data-widget_type=\"text-editor.default\">\n\t\t\t\t<div class=\"elementor-widget-container\">\n\t\t\t\t\t\t\t\t\t<p>Entendemos lo importante que es para usted contar con piezas de calidad para su equipo, por lo que nos esforzamos en mantener un stock variado y actualizado de los repuestos m\u00e1s comunes y solicitados en el mercado.<\/p>\t\t\t\t\t\t\t\t<\/div>\n\t\t\t\t<\/div>\n\t\t\t\t<\/div>\n\t\t<div class=\"elementor-element elementor-element-0e3f639 e-con-full e-flex e-con e-child\" data-id=\"0e3f639\" data-element_type=\"container\" data-e-type=\"container\">\n\t\t\t\t<div class=\"elementor-element elementor-element-ef1eef1 elementor-widget elementor-widget-image\" data-id=\"ef1eef1\" data-element_type=\"widget\" data-e-type=\"widget\" data-widget_type=\"image.default\">\n\t\t\t\t<div class=\"elementor-widget-container\">\n\t\t\t\t\t\t\t\t\t\t\t\t\t\t\t<img decoding=\"async\" src=\"https:\/\/mundocafe.com.ec\/wp-content\/uploads\/elementor\/thumbs\/caffe1prova0-qcplbgygsa5t3uracg4evlprux0wdnatrl88rtebzm.png\" title=\"caffe1prova0\" alt=\"caffe1prova0\" loading=\"lazy\" \/>\t\t\t\t\t\t\t\t\t\t\t\t\t\t\t<\/div>\n\t\t\t\t<\/div>\n\t\t\t\t<\/div>\n\t\t\t\t\t<\/div>\n\t\t\t\t<\/div>\n\t\t<div class=\"elementor-element elementor-element-04860a8 e-flex e-con-boxed e-con e-parent\" data-id=\"04860a8\" data-element_type=\"container\" data-e-type=\"container\">\n\t\t\t\t\t<div class=\"e-con-inner\">\n\t\t\t\t<div class=\"elementor-element elementor-element-2c23907 elementor-widget-divider--view-line elementor-widget elementor-widget-divider\" data-id=\"2c23907\" data-element_type=\"widget\" data-e-type=\"widget\" data-widget_type=\"divider.default\">\n\t\t\t\t<div class=\"elementor-widget-container\">\n\t\t\t\t\t\t\t<div class=\"elementor-divider\">\n\t\t\t<span class=\"elementor-divider-separator\">\n\t\t\t\t\t\t<\/span>\n\t\t<\/div>\n\t\t\t\t\t\t<\/div>\n\t\t\t\t<\/div>\n\t\t\t\t<div class=\"elementor-element elementor-element-acf81ac elementor-widget elementor-widget-testimonial\" data-id=\"acf81ac\" data-element_type=\"widget\" data-e-type=\"widget\" data-widget_type=\"testimonial.default\">\n\t\t\t\t<div class=\"elementor-widget-container\">\n\t\t\t\t\t\t\t<div class=\"elementor-testimonial-wrapper\">\n\t\t\t\t\t\t\t<div class=\"elementor-testimonial-content\">\"Una m\u00e1quina de alta gama requiere mano de obra especializada.\u00a0 A menudo nos llegan clientes con m\u00e1quinas que han sufrido una mala manipulaci\u00f3n de parte de personal no calificado para abrirla y menos para repararla.  En Mundo Caf\u00e9, nos comprometemos a brindar un servicio al cliente excepcional. Nos aseguramos de comprender sus necesidades y proporcionar soluciones personalizadas y eficientes para cada caso. Nuestro objetivo es garantizar su satisfacci\u00f3n y lograr una relaci\u00f3n de confianza a largo plazo\".<\/div>\n\t\t\t\n\t\t\t\t\t\t<div class=\"elementor-testimonial-meta elementor-has-image elementor-testimonial-image-position-aside\">\n\t\t\t\t<div class=\"elementor-testimonial-meta-inner\">\n\t\t\t\t\t\t\t\t\t\t\t<div class=\"elementor-testimonial-image\">\n\t\t\t\t\t\t\t<img decoding=\"async\" width=\"941\" height=\"960\" src=\"https:\/\/mundocafe.com.ec\/wp-content\/uploads\/2023\/09\/Danny.jpg\" class=\"attachment-full size-full wp-image-181\" alt=\"\" srcset=\"https:\/\/mundocafe.com.ec\/wp-content\/uploads\/2023\/09\/Danny.jpg 941w, https:\/\/mundocafe.com.ec\/wp-content\/uploads\/2023\/09\/Danny-294x300.jpg 294w, https:\/\/mundocafe.com.ec\/wp-content\/uploads\/2023\/09\/Danny-768x784.jpg 768w\" sizes=\"(max-width: 941px) 100vw, 941px\" \/>\t\t\t\t\t\t<\/div>\n\t\t\t\t\t\n\t\t\t\t\t\t\t\t\t\t<div class=\"elementor-testimonial-details\">\n\t\t\t\t\t\t\t\t\t\t\t\t\t\t<div class=\"elementor-testimonial-name\">Danny Coronel<\/div>\n\t\t\t\t\t\t\t\t\t\t\t\t\t\t\t\t\t\t\t\t\t\t<div class=\"elementor-testimonial-job\">Gerente<\/div>\n\t\t\t\t\t\t\t\t\t\t\t\t\t<\/div>\n\t\t\t\t\t\t\t\t\t<\/div>\n\t\t\t<\/div>\n\t\t\t\t\t<\/div>\n\t\t\t\t\t\t<\/div>\n\t\t\t\t<\/div>\n\t\t\t\t\t<\/div>\n\t\t\t\t<\/div>\n\t\t\t\t<\/div>\n\t\t","protected":false},"excerpt":{"rendered":"<p>Nuestro equipo de t\u00e9cnicos altamente capacitados cuenta con a\u00f1os de experiencia en el manejo y reparaci\u00f3n de cafeteras y m\u00e1quinas expendedoras de todas las marcas y modelos. Nos aseguramos de brindar un servicio r\u00e1pido, eficiente y de calidad, para que su cafetera vuelva a funcionar como nueva en el menor tiempo posible. Entendemos lo importante [&hellip;]<\/p>\n","protected":false},"author":1,"featured_media":0,"parent":0,"menu_order":0,"comment_status":"closed","ping_status":"closed","template":"","meta":{"footnotes":""},"class_list":["post-176","page","type-page","status-publish","hentry"],"_links":{"self":[{"href":"https:\/\/mundocafe.com.ec\/index.php?rest_route=\/wp\/v2\/pages\/176","targetHints":{"allow":["GET"]}}],"collection":[{"href":"https:\/\/mundocafe.com.ec\/index.php?rest_route=\/wp\/v2\/pages"}],"about":[{"href":"https:\/\/mundocafe.com.ec\/index.php?rest_route=\/wp\/v2\/types\/page"}],"author":[{"embeddable":true,"href":"https:\/\/mundocafe.com.ec\/index.php?rest_route=\/wp\/v2\/users\/1"}],"replies":[{"embeddable":true,"href":"https:\/\/mundocafe.com.ec\/index.php?rest_route=%2Fwp%2Fv2%2Fcomments&post=176"}],"version-history":[{"count":10,"href":"https:\/\/mundocafe.com.ec\/index.php?rest_route=\/wp\/v2\/pages\/176\/revisions"}],"predecessor-version":[{"id":200,"href":"https:\/\/mundocafe.com.ec\/index.php?rest_route=\/wp\/v2\/pages\/176\/revisions\/200"}],"wp:attachment":[{"href":"https:\/\/mundocafe.com.ec\/index.php?rest_route=%2Fwp%2Fv2%2Fmedia&parent=176"}],"curies":[{"name":"wp","href":"https:\/\/api.w.org\/{rel}","templated":true}]}}