{"id":354,"date":"2026-03-16T15:19:52","date_gmt":"2026-03-16T15:19:52","guid":{"rendered":"https:\/\/mundocafe.com.ec\/?page_id=354"},"modified":"2026-03-16T19:05:20","modified_gmt":"2026-03-16T19:05:20","slug":"zenith","status":"publish","type":"page","link":"https:\/\/mundocafe.com.ec\/?page_id=354","title":{"rendered":"Zenith"},"content":{"rendered":"\t\t<div data-elementor-type=\"wp-post\" data-elementor-id=\"354\" class=\"elementor elementor-354\">\n\t\t\t\t<div class=\"elementor-element elementor-element-5049d22 e-flex e-con-boxed e-con e-parent\" data-id=\"5049d22\" data-element_type=\"container\" data-e-type=\"container\">\n\t\t\t\t\t<div class=\"e-con-inner\">\n\t\t<div class=\"elementor-element elementor-element-1e56dee e-con-full e-flex e-con e-child\" data-id=\"1e56dee\" data-element_type=\"container\" data-e-type=\"container\">\n\t\t\t\t<div class=\"elementor-element elementor-element-1cdb3d5 elementor-widget elementor-widget-image\" data-id=\"1cdb3d5\" data-element_type=\"widget\" data-e-type=\"widget\" data-widget_type=\"image.default\">\n\t\t\t\t<div class=\"elementor-widget-container\">\n\t\t\t\t\t\t\t\t\t\t\t\t\t\t\t<img fetchpriority=\"high\" decoding=\"async\" width=\"792\" height=\"512\" src=\"https:\/\/mundocafe.com.ec\/wp-content\/uploads\/2026\/03\/Zenith-1.jpg\" class=\"attachment-large size-large wp-image-356\" alt=\"\" srcset=\"https:\/\/mundocafe.com.ec\/wp-content\/uploads\/2026\/03\/Zenith-1.jpg 792w, https:\/\/mundocafe.com.ec\/wp-content\/uploads\/2026\/03\/Zenith-1-300x194.jpg 300w, https:\/\/mundocafe.com.ec\/wp-content\/uploads\/2026\/03\/Zenith-1-768x496.jpg 768w\" sizes=\"(max-width: 792px) 100vw, 792px\" \/>\t\t\t\t\t\t\t\t\t\t\t\t\t\t\t<\/div>\n\t\t\t\t<\/div>\n\t\t\t\t<\/div>\n\t\t<div class=\"elementor-element elementor-element-a81aa7c e-con-full e-flex e-con e-child\" data-id=\"a81aa7c\" data-element_type=\"container\" data-e-type=\"container\">\n\t\t<div class=\"elementor-element elementor-element-6ba333b e-flex e-con-boxed e-con e-child\" data-id=\"6ba333b\" data-element_type=\"container\" data-e-type=\"container\">\n\t\t\t\t\t<div class=\"e-con-inner\">\n\t\t\t\t<div class=\"elementor-element elementor-element-8d675df elementor-widget elementor-widget-heading\" data-id=\"8d675df\" data-element_type=\"widget\" data-e-type=\"widget\" data-widget_type=\"heading.default\">\n\t\t\t\t<div class=\"elementor-widget-container\">\n\t\t\t\t\t<h2 class=\"elementor-heading-title elementor-size-default\">Zenith<\/h2>\t\t\t\t<\/div>\n\t\t\t\t<\/div>\n\t\t\t\t\t<\/div>\n\t\t\t\t<\/div>\n\t\t<div class=\"elementor-element elementor-element-d7a8222 e-flex e-con-boxed e-con e-child\" data-id=\"d7a8222\" data-element_type=\"container\" data-e-type=\"container\">\n\t\t\t\t\t<div class=\"e-con-inner\">\n\t\t\t\t<div class=\"elementor-element elementor-element-18a1613 elementor-widget elementor-widget-text-editor\" data-id=\"18a1613\" data-element_type=\"widget\" data-e-type=\"widget\" data-widget_type=\"text-editor.default\">\n\t\t\t\t<div class=\"elementor-widget-container\">\n\t\t\t\t\t\t\t\t\t<div id=\"model-response-message-contentr_1b01713616e77cfc\" class=\"markdown markdown-main-panel enable-updated-hr-color\" dir=\"ltr\" aria-live=\"polite\" aria-busy=\"false\"><p data-path-to-node=\"0\">Descubre la excelencia con la cafetera Aromatta Zenith, donde el dise\u00f1o vanguardista se encuentra con el caf\u00e9 perfecto. Su interfaz t\u00e1ctil intuitiva te permite personalizar cada detalle de tus bebidas.<\/p><p data-path-to-node=\"0\">Desde espressos intensos hasta cappuccinos cremosos, la Zenith garantiza calidad y consistencia premium en cada taza. Ideal para entornos profesionales exigentes. \u00a1Eleva tu experiencia de caf\u00e9 hoy!<\/p><\/div>\t\t\t\t\t\t\t\t<\/div>\n\t\t\t\t<\/div>\n\t\t\t\t<div class=\"elementor-element elementor-element-17c9b65 elementor-widget elementor-widget-heading\" data-id=\"17c9b65\" data-element_type=\"widget\" data-e-type=\"widget\" data-widget_type=\"heading.default\">\n\t\t\t\t<div class=\"elementor-widget-container\">\n\t\t\t\t\t<h2 class=\"elementor-heading-title elementor-size-default\">PVP:  $2.500 + Iva<\/h2>\t\t\t\t<\/div>\n\t\t\t\t<\/div>\n\t\t\t\t\t<\/div>\n\t\t\t\t<\/div>\n\t\t\t\t<\/div>\n\t\t\t\t\t<\/div>\n\t\t\t\t<\/div>\n\t\t<div class=\"elementor-element elementor-element-6eefeb9 e-flex e-con-boxed e-con e-parent\" data-id=\"6eefeb9\" data-element_type=\"container\" data-e-type=\"container\">\n\t\t\t\t\t<div class=\"e-con-inner\">\n\t\t<div class=\"elementor-element elementor-element-f13ae1a e-con-full e-flex e-con e-child\" data-id=\"f13ae1a\" data-element_type=\"container\" data-e-type=\"container\">\n\t\t<div class=\"elementor-element elementor-element-ce0fead e-con-full e-flex e-con e-child\" data-id=\"ce0fead\" data-element_type=\"container\" data-e-type=\"container\">\n\t\t\t\t<div class=\"elementor-element elementor-element-c294f31 elementor-widget elementor-widget-heading\" data-id=\"c294f31\" data-element_type=\"widget\" data-e-type=\"widget\" data-widget_type=\"heading.default\">\n\t\t\t\t<div class=\"elementor-widget-container\">\n\t\t\t\t\t<h4 class=\"elementor-heading-title elementor-size-default\">INFORMACI\u00d3N<\/h4>\t\t\t\t<\/div>\n\t\t\t\t<\/div>\n\t\t\t\t<div class=\"elementor-element elementor-element-dfbd057 elementor-widget elementor-widget-text-editor\" data-id=\"dfbd057\" data-element_type=\"widget\" data-e-type=\"widget\" data-widget_type=\"text-editor.default\">\n\t\t\t\t<div class=\"elementor-widget-container\">\n\t\t\t\t\t\t\t\t\t<ul><li>Control por voz para una experiencia de caf\u00e9 m\u00e1s c\u00f3moda y moderna.<\/li><li>Piezas desmontables para limpieza y mantenimiento r\u00e1pidos.<\/li><li>Pantalla LED grande con sistema Android.<\/li><li>Muele el caf\u00e9 al instante para mayor frescura y sabor.<\/li><li>Cappuccinador integrado. Prepara bebidas con leche fresca.<\/li><li>A prueba de insectos y roedores, deshumidificaci\u00f3n integrada.<\/li><\/ul><p><strong>REFRIGERADOR DE LECHE SE VENDE POR SEPARADO $500 + Iva<\/strong><\/p>\t\t\t\t\t\t\t\t<\/div>\n\t\t\t\t<\/div>\n\t\t\t\t<\/div>\n\t\t\t\t<\/div>\n\t\t<div class=\"elementor-element elementor-element-4ce2cba e-con-full e-flex e-con e-child\" data-id=\"4ce2cba\" data-element_type=\"container\" data-e-type=\"container\">\n\t\t\t\t<div class=\"elementor-element elementor-element-da66275 elementor-widget elementor-widget-image\" data-id=\"da66275\" data-element_type=\"widget\" data-e-type=\"widget\" data-widget_type=\"image.default\">\n\t\t\t\t<div class=\"elementor-widget-container\">\n\t\t\t\t\t\t\t\t\t\t\t\t\t\t\t<img decoding=\"async\" src=\"https:\/\/mundocafe.com.ec\/wp-content\/uploads\/elementor\/thumbs\/Zenith-2-rkljtadsoekzziq20hzj43wmg16yavs29pjupv4ty8.jpg\" title=\"Zenith 2\" alt=\"Zenith 2\" loading=\"lazy\" \/>\t\t\t\t\t\t\t\t\t\t\t\t\t\t\t<\/div>\n\t\t\t\t<\/div>\n\t\t\t\t<\/div>\n\t\t\t\t\t<\/div>\n\t\t\t\t<\/div>\n\t\t<div class=\"elementor-element elementor-element-954b13d e-flex e-con-boxed e-con e-parent\" data-id=\"954b13d\" data-element_type=\"container\" data-e-type=\"container\">\n\t\t\t\t\t<div class=\"e-con-inner\">\n\t\t\t\t<div class=\"elementor-element elementor-element-0959f36 elementor-widget-divider--view-line elementor-widget elementor-widget-divider\" data-id=\"0959f36\" data-element_type=\"widget\" data-e-type=\"widget\" data-widget_type=\"divider.default\">\n\t\t\t\t<div class=\"elementor-widget-container\">\n\t\t\t\t\t\t\t<div class=\"elementor-divider\">\n\t\t\t<span class=\"elementor-divider-separator\">\n\t\t\t\t\t\t<\/span>\n\t\t<\/div>\n\t\t\t\t\t\t<\/div>\n\t\t\t\t<\/div>\n\t\t\t\t\t<\/div>\n\t\t\t\t<\/div>\n\t\t<div class=\"elementor-element elementor-element-d4cc163 e-flex e-con-boxed e-con e-parent\" data-id=\"d4cc163\" data-element_type=\"container\" data-e-type=\"container\">\n\t\t\t\t\t<div class=\"e-con-inner\">\n\t\t<div class=\"elementor-element elementor-element-ef86f44 e-con-full e-flex e-con e-child\" data-id=\"ef86f44\" data-element_type=\"container\" data-e-type=\"container\">\n\t\t\t\t<div class=\"elementor-element elementor-element-f1bf868 elementor-widget elementor-widget-image\" data-id=\"f1bf868\" data-element_type=\"widget\" data-e-type=\"widget\" data-widget_type=\"image.default\">\n\t\t\t\t<div class=\"elementor-widget-container\">\n\t\t\t\t\t\t\t\t\t\t\t\t\t\t\t<img decoding=\"async\" width=\"768\" height=\"573\" src=\"https:\/\/mundocafe.com.ec\/wp-content\/uploads\/2026\/03\/Zenith-3.jpg\" class=\"attachment-medium_large size-medium_large wp-image-357\" alt=\"\" srcset=\"https:\/\/mundocafe.com.ec\/wp-content\/uploads\/2026\/03\/Zenith-3.jpg 768w, https:\/\/mundocafe.com.ec\/wp-content\/uploads\/2026\/03\/Zenith-3-300x224.jpg 300w\" sizes=\"(max-width: 768px) 100vw, 768px\" \/>\t\t\t\t\t\t\t\t\t\t\t\t\t\t\t<\/div>\n\t\t\t\t<\/div>\n\t\t\t\t<\/div>\n\t\t<div class=\"elementor-element elementor-element-a984fd2 e-con-full e-flex e-con e-child\" data-id=\"a984fd2\" data-element_type=\"container\" data-e-type=\"container\">\n\t\t<div class=\"elementor-element elementor-element-aa94ac1 e-con-full e-flex e-con e-child\" data-id=\"aa94ac1\" data-element_type=\"container\" data-e-type=\"container\">\n\t\t\t\t<div class=\"elementor-element elementor-element-0f124ff elementor-widget elementor-widget-heading\" data-id=\"0f124ff\" data-element_type=\"widget\" data-e-type=\"widget\" data-widget_type=\"heading.default\">\n\t\t\t\t<div class=\"elementor-widget-container\">\n\t\t\t\t\t<h4 class=\"elementor-heading-title elementor-size-default\">CARACTER\u00cdSTICAS<\/h4>\t\t\t\t<\/div>\n\t\t\t\t<\/div>\n\t\t\t\t<div class=\"elementor-element elementor-element-b4b7cb5 elementor-widget elementor-widget-text-editor\" data-id=\"b4b7cb5\" data-element_type=\"widget\" data-e-type=\"widget\" data-widget_type=\"text-editor.default\">\n\t\t\t\t<div class=\"elementor-widget-container\">\n\t\t\t\t\t\t\t\t\t<ul><li>Modelo 2.026<\/li><li>Control de voz<\/li><li>La pantalla t\u00e1ctil HD de 7.1&#8243;\u00a0<\/li><li>Grupo de caf\u00e9 extra\u00edble para limpieza<\/li><li>Muelas c\u00f3nicas de acero<\/li><li>Vano de erogaci\u00f3n ajustable en altura<\/li><li>110v &#8211; 50-60Hz &#8211; 1.500w<\/li><li>Dimensiones (alt x anc x prof) 27,5cm x 51,5cm x 47cm<\/li><li>Peso 22Kg<\/li><li>Toma directa de agua y botell\u00f3n<\/li><\/ul>\t\t\t\t\t\t\t\t<\/div>\n\t\t\t\t<\/div>\n\t\t\t\t<\/div>\n\t\t\t\t<\/div>\n\t\t\t\t\t<\/div>\n\t\t\t\t<\/div>\n\t\t\t\t<\/div>\n\t\t","protected":false},"excerpt":{"rendered":"<p>Zenith Descubre la excelencia con la cafetera Aromatta Zenith, donde el dise\u00f1o vanguardista se encuentra con el caf\u00e9 perfecto. Su interfaz t\u00e1ctil intuitiva te permite personalizar cada detalle de tus bebidas. Desde espressos intensos hasta cappuccinos cremosos, la Zenith garantiza calidad y consistencia premium en cada taza. Ideal para entornos profesionales exigentes. \u00a1Eleva tu experiencia [&hellip;]<\/p>\n","protected":false},"author":1,"featured_media":0,"parent":0,"menu_order":0,"comment_status":"closed","ping_status":"closed","template":"","meta":{"footnotes":""},"class_list":["post-354","page","type-page","status-publish","hentry"],"_links":{"self":[{"href":"https:\/\/mundocafe.com.ec\/index.php?rest_route=\/wp\/v2\/pages\/354","targetHints":{"allow":["GET"]}}],"collection":[{"href":"https:\/\/mundocafe.com.ec\/index.php?rest_route=\/wp\/v2\/pages"}],"about":[{"href":"https:\/\/mundocafe.com.ec\/index.php?rest_route=\/wp\/v2\/types\/page"}],"author":[{"embeddable":true,"href":"https:\/\/mundocafe.com.ec\/index.php?rest_route=\/wp\/v2\/users\/1"}],"replies":[{"embeddable":true,"href":"https:\/\/mundocafe.com.ec\/index.php?rest_route=%2Fwp%2Fv2%2Fcomments&post=354"}],"version-history":[{"count":16,"href":"https:\/\/mundocafe.com.ec\/index.php?rest_route=\/wp\/v2\/pages\/354\/revisions"}],"predecessor-version":[{"id":408,"href":"https:\/\/mundocafe.com.ec\/index.php?rest_route=\/wp\/v2\/pages\/354\/revisions\/408"}],"wp:attachment":[{"href":"https:\/\/mundocafe.com.ec\/index.php?rest_route=%2Fwp%2Fv2%2Fmedia&parent=354"}],"curies":[{"name":"wp","href":"https:\/\/api.w.org\/{rel}","templated":true}]}}