{"id":363,"date":"2026-03-16T17:40:14","date_gmt":"2026-03-16T17:40:14","guid":{"rendered":"https:\/\/mundocafe.com.ec\/?page_id=363"},"modified":"2026-03-16T19:05:32","modified_gmt":"2026-03-16T19:05:32","slug":"horizon","status":"publish","type":"page","link":"https:\/\/mundocafe.com.ec\/?page_id=363","title":{"rendered":"Horizon"},"content":{"rendered":"\t\t<div data-elementor-type=\"wp-post\" data-elementor-id=\"363\" class=\"elementor elementor-363\">\n\t\t\t\t<div class=\"elementor-element elementor-element-5049d22 e-flex e-con-boxed e-con e-parent\" data-id=\"5049d22\" data-element_type=\"container\" data-e-type=\"container\">\n\t\t\t\t\t<div class=\"e-con-inner\">\n\t\t<div class=\"elementor-element elementor-element-1e56dee e-con-full e-flex e-con e-child\" data-id=\"1e56dee\" data-element_type=\"container\" data-e-type=\"container\">\n\t\t\t\t<div class=\"elementor-element elementor-element-1cdb3d5 elementor-widget elementor-widget-image\" data-id=\"1cdb3d5\" data-element_type=\"widget\" data-e-type=\"widget\" data-widget_type=\"image.default\">\n\t\t\t\t<div class=\"elementor-widget-container\">\n\t\t\t\t\t\t\t\t\t\t\t\t\t\t\t<img fetchpriority=\"high\" decoding=\"async\" width=\"792\" height=\"512\" src=\"https:\/\/mundocafe.com.ec\/wp-content\/uploads\/2026\/03\/Horizon-1.jpg\" class=\"attachment-large size-large wp-image-387\" alt=\"\" srcset=\"https:\/\/mundocafe.com.ec\/wp-content\/uploads\/2026\/03\/Horizon-1.jpg 792w, https:\/\/mundocafe.com.ec\/wp-content\/uploads\/2026\/03\/Horizon-1-300x194.jpg 300w, https:\/\/mundocafe.com.ec\/wp-content\/uploads\/2026\/03\/Horizon-1-768x496.jpg 768w\" sizes=\"(max-width: 792px) 100vw, 792px\" \/>\t\t\t\t\t\t\t\t\t\t\t\t\t\t\t<\/div>\n\t\t\t\t<\/div>\n\t\t\t\t<\/div>\n\t\t<div class=\"elementor-element elementor-element-a81aa7c e-con-full e-flex e-con e-child\" data-id=\"a81aa7c\" data-element_type=\"container\" data-e-type=\"container\">\n\t\t<div class=\"elementor-element elementor-element-6ba333b e-flex e-con-boxed e-con e-child\" data-id=\"6ba333b\" data-element_type=\"container\" data-e-type=\"container\">\n\t\t\t\t\t<div class=\"e-con-inner\">\n\t\t\t\t<div class=\"elementor-element elementor-element-8d675df elementor-widget elementor-widget-heading\" data-id=\"8d675df\" data-element_type=\"widget\" data-e-type=\"widget\" data-widget_type=\"heading.default\">\n\t\t\t\t<div class=\"elementor-widget-container\">\n\t\t\t\t\t<h2 class=\"elementor-heading-title elementor-size-default\">Horizon<\/h2>\t\t\t\t<\/div>\n\t\t\t\t<\/div>\n\t\t\t\t\t<\/div>\n\t\t\t\t<\/div>\n\t\t<div class=\"elementor-element elementor-element-d7a8222 e-flex e-con-boxed e-con e-child\" data-id=\"d7a8222\" data-element_type=\"container\" data-e-type=\"container\">\n\t\t\t\t\t<div class=\"e-con-inner\">\n\t\t\t\t<div class=\"elementor-element elementor-element-18a1613 elementor-widget elementor-widget-text-editor\" data-id=\"18a1613\" data-element_type=\"widget\" data-e-type=\"widget\" data-widget_type=\"text-editor.default\">\n\t\t\t\t<div class=\"elementor-widget-container\">\n\t\t\t\t\t\t\t\t\t<div id=\"model-response-message-contentr_1b01713616e77cfc\" class=\"markdown markdown-main-panel enable-updated-hr-color\" dir=\"ltr\" aria-live=\"polite\" aria-busy=\"false\"><p data-path-to-node=\"0\"><span data-path-to-node=\"0,1\"><span class=\"citation-19\">Presentamos <\/span><b data-path-to-node=\"0,1\" data-index-in-node=\"12\"><span class=\"citation-19\">Horizon<\/span><\/b><span class=\"citation-19\"> de <\/span><b data-path-to-node=\"0,1\" data-index-in-node=\"23\"><span class=\"citation-19\">AROMATTA<\/span><\/b><span class=\"citation-19\">, la revoluci\u00f3n en m\u00e1quinas de caf\u00e9 premium<\/span><\/span><span data-path-to-node=\"0,3\">. <\/span><span data-path-to-node=\"0,5\"><span class=\"citation-18\">Con su pantalla t\u00e1ctil de 15.6&#8243;, ofrece una interfaz intuitiva y publicidad din\u00e1mica<\/span><\/span><span data-path-to-node=\"0,7\">. <\/span><\/p><p data-path-to-node=\"0\"><span data-path-to-node=\"0,9\"><span class=\"citation-17\">Equipada con molino integrado y componentes profesionales, prepara hasta 200 tazas diarias de caf\u00e9 reci\u00e9n molido<\/span><\/span><span data-path-to-node=\"0,11\">. <\/span><\/p><p data-path-to-node=\"0\"><span data-path-to-node=\"0,13\"><span class=\"citation-16\">Su dise\u00f1o cerrado garantiza higiene total y mantenimiento simple<\/span><\/span><span data-path-to-node=\"0,15\">. <\/span><span data-path-to-node=\"0,17\"><span class=\"citation-15\">\u00a1Tecnolog\u00eda y sabor en cada toque!<\/span><\/span><span data-path-to-node=\"0,19\">.<\/span><\/p><\/div>\t\t\t\t\t\t\t\t<\/div>\n\t\t\t\t<\/div>\n\t\t\t\t<div class=\"elementor-element elementor-element-17c9b65 elementor-widget elementor-widget-heading\" data-id=\"17c9b65\" data-element_type=\"widget\" data-e-type=\"widget\" data-widget_type=\"heading.default\">\n\t\t\t\t<div class=\"elementor-widget-container\">\n\t\t\t\t\t<h2 class=\"elementor-heading-title elementor-size-default\">PVP:  $4.000 + Iva<\/h2>\t\t\t\t<\/div>\n\t\t\t\t<\/div>\n\t\t\t\t\t<\/div>\n\t\t\t\t<\/div>\n\t\t\t\t<\/div>\n\t\t\t\t\t<\/div>\n\t\t\t\t<\/div>\n\t\t<div class=\"elementor-element elementor-element-6eefeb9 e-flex e-con-boxed e-con e-parent\" data-id=\"6eefeb9\" data-element_type=\"container\" data-e-type=\"container\">\n\t\t\t\t\t<div class=\"e-con-inner\">\n\t\t<div class=\"elementor-element elementor-element-f13ae1a e-con-full e-flex e-con e-child\" data-id=\"f13ae1a\" data-element_type=\"container\" data-e-type=\"container\">\n\t\t<div class=\"elementor-element elementor-element-ce0fead e-con-full e-flex e-con e-child\" data-id=\"ce0fead\" data-element_type=\"container\" data-e-type=\"container\">\n\t\t\t\t<div class=\"elementor-element elementor-element-c294f31 elementor-widget elementor-widget-heading\" data-id=\"c294f31\" data-element_type=\"widget\" data-e-type=\"widget\" data-widget_type=\"heading.default\">\n\t\t\t\t<div class=\"elementor-widget-container\">\n\t\t\t\t\t<h4 class=\"elementor-heading-title elementor-size-default\">INFORMACI\u00d3N<\/h4>\t\t\t\t<\/div>\n\t\t\t\t<\/div>\n\t\t\t\t<div class=\"elementor-element elementor-element-dfbd057 elementor-widget elementor-widget-text-editor\" data-id=\"dfbd057\" data-element_type=\"widget\" data-e-type=\"widget\" data-widget_type=\"text-editor.default\">\n\t\t\t\t<div class=\"elementor-widget-container\">\n\t\t\t\t\t\t\t\t\t<ul><li>Pantalla t\u00e1ctil de 15.6\u201d f\u00e1cil de usar <br \/>y con opci\u00f3n de reproducir videos<br \/>publicitarios.<\/li><li>Muele el caf\u00e9 al momento y prepara <br \/>bebidas con solo un toque.<\/li><li>Horizon crea un di\u00e1logo amigable <br \/>e intuitivo entre el usuario y la <br \/>m\u00e1quina.<\/li><li>Piezas desmontables para limpieza <br \/>r\u00e1pida.<\/li><li>Molino, calderas, bomba de agua y <br \/>v\u00e1lvulas para trabajo fuerte.<\/li><li>A prueba de insectos y roedores, <br \/>deshumidificaci\u00f3n integrada.<\/li><\/ul>\t\t\t\t\t\t\t\t<\/div>\n\t\t\t\t<\/div>\n\t\t\t\t<\/div>\n\t\t\t\t<\/div>\n\t\t<div class=\"elementor-element elementor-element-4ce2cba e-con-full e-flex e-con e-child\" data-id=\"4ce2cba\" data-element_type=\"container\" data-e-type=\"container\">\n\t\t\t\t<div class=\"elementor-element elementor-element-da66275 elementor-widget elementor-widget-image\" data-id=\"da66275\" data-element_type=\"widget\" data-e-type=\"widget\" data-widget_type=\"image.default\">\n\t\t\t\t<div class=\"elementor-widget-container\">\n\t\t\t\t\t\t\t\t\t\t\t\t\t\t\t<img decoding=\"async\" src=\"https:\/\/mundocafe.com.ec\/wp-content\/uploads\/elementor\/thumbs\/Horizon-2-rklqg2busbg79hvyq7mr0cqywqammwpdfjj8hb3jc0.jpg\" title=\"Horizon 2\" alt=\"Horizon 2\" loading=\"lazy\" \/>\t\t\t\t\t\t\t\t\t\t\t\t\t\t\t<\/div>\n\t\t\t\t<\/div>\n\t\t\t\t<\/div>\n\t\t\t\t\t<\/div>\n\t\t\t\t<\/div>\n\t\t<div class=\"elementor-element elementor-element-954b13d e-flex e-con-boxed e-con e-parent\" data-id=\"954b13d\" data-element_type=\"container\" data-e-type=\"container\">\n\t\t\t\t\t<div class=\"e-con-inner\">\n\t\t\t\t<div class=\"elementor-element elementor-element-0959f36 elementor-widget-divider--view-line elementor-widget elementor-widget-divider\" data-id=\"0959f36\" data-element_type=\"widget\" data-e-type=\"widget\" data-widget_type=\"divider.default\">\n\t\t\t\t<div class=\"elementor-widget-container\">\n\t\t\t\t\t\t\t<div class=\"elementor-divider\">\n\t\t\t<span class=\"elementor-divider-separator\">\n\t\t\t\t\t\t<\/span>\n\t\t<\/div>\n\t\t\t\t\t\t<\/div>\n\t\t\t\t<\/div>\n\t\t\t\t\t<\/div>\n\t\t\t\t<\/div>\n\t\t<div class=\"elementor-element elementor-element-d4cc163 e-flex e-con-boxed e-con e-parent\" data-id=\"d4cc163\" data-element_type=\"container\" data-e-type=\"container\">\n\t\t\t\t\t<div class=\"e-con-inner\">\n\t\t<div class=\"elementor-element elementor-element-ef86f44 e-con-full e-flex e-con e-child\" data-id=\"ef86f44\" data-element_type=\"container\" data-e-type=\"container\">\n\t\t\t\t<div class=\"elementor-element elementor-element-f1bf868 elementor-widget elementor-widget-image\" data-id=\"f1bf868\" data-element_type=\"widget\" data-e-type=\"widget\" data-widget_type=\"image.default\">\n\t\t\t\t<div class=\"elementor-widget-container\">\n\t\t\t\t\t\t\t\t\t\t\t\t\t\t\t<img decoding=\"async\" width=\"768\" height=\"573\" src=\"https:\/\/mundocafe.com.ec\/wp-content\/uploads\/2026\/03\/Horizon-3.jpg\" class=\"attachment-medium_large size-medium_large wp-image-386\" alt=\"\" srcset=\"https:\/\/mundocafe.com.ec\/wp-content\/uploads\/2026\/03\/Horizon-3.jpg 768w, https:\/\/mundocafe.com.ec\/wp-content\/uploads\/2026\/03\/Horizon-3-300x224.jpg 300w\" sizes=\"(max-width: 768px) 100vw, 768px\" \/>\t\t\t\t\t\t\t\t\t\t\t\t\t\t\t<\/div>\n\t\t\t\t<\/div>\n\t\t\t\t<\/div>\n\t\t<div class=\"elementor-element elementor-element-a984fd2 e-con-full e-flex e-con e-child\" data-id=\"a984fd2\" data-element_type=\"container\" data-e-type=\"container\">\n\t\t<div class=\"elementor-element elementor-element-aa94ac1 e-con-full e-flex e-con e-child\" data-id=\"aa94ac1\" data-element_type=\"container\" data-e-type=\"container\">\n\t\t\t\t<div class=\"elementor-element elementor-element-0f124ff elementor-widget elementor-widget-heading\" data-id=\"0f124ff\" data-element_type=\"widget\" data-e-type=\"widget\" data-widget_type=\"heading.default\">\n\t\t\t\t<div class=\"elementor-widget-container\">\n\t\t\t\t\t<h4 class=\"elementor-heading-title elementor-size-default\">CARACTER\u00cdSTICAS<\/h4>\t\t\t\t<\/div>\n\t\t\t\t<\/div>\n\t\t\t\t<div class=\"elementor-element elementor-element-b4b7cb5 elementor-widget elementor-widget-text-editor\" data-id=\"b4b7cb5\" data-element_type=\"widget\" data-e-type=\"widget\" data-widget_type=\"text-editor.default\">\n\t\t\t\t<div class=\"elementor-widget-container\">\n\t\t\t\t\t\t\t\t\t<ul><li>Modelo 2.026<\/li><li>Pantalla t\u00e1ctil HD de 15.6&#8243;\u00a0<\/li><li>24 tipos de bebidas<\/li><li>Molino profesional<\/li><li>2 contenedores para solubles<\/li><li>110v &#8211; 50-60Hz &#8211; 2.200w<\/li><li>Dimensiones (alt x anc x prof) 73cm x 30cm x 56.5cm<\/li><li>Peso 40Kg<\/li><\/ul>\t\t\t\t\t\t\t\t<\/div>\n\t\t\t\t<\/div>\n\t\t\t\t<\/div>\n\t\t\t\t<\/div>\n\t\t\t\t\t<\/div>\n\t\t\t\t<\/div>\n\t\t\t\t<\/div>\n\t\t","protected":false},"excerpt":{"rendered":"<p>Horizon Presentamos Horizon de AROMATTA, la revoluci\u00f3n en m\u00e1quinas de caf\u00e9 premium. Con su pantalla t\u00e1ctil de 15.6&#8243;, ofrece una interfaz intuitiva y publicidad din\u00e1mica. Equipada con molino integrado y componentes profesionales, prepara hasta 200 tazas diarias de caf\u00e9 reci\u00e9n molido. Su dise\u00f1o cerrado garantiza higiene total y mantenimiento simple. \u00a1Tecnolog\u00eda y sabor en cada [&hellip;]<\/p>\n","protected":false},"author":1,"featured_media":0,"parent":0,"menu_order":0,"comment_status":"closed","ping_status":"closed","template":"","meta":{"footnotes":""},"class_list":["post-363","page","type-page","status-publish","hentry"],"_links":{"self":[{"href":"https:\/\/mundocafe.com.ec\/index.php?rest_route=\/wp\/v2\/pages\/363","targetHints":{"allow":["GET"]}}],"collection":[{"href":"https:\/\/mundocafe.com.ec\/index.php?rest_route=\/wp\/v2\/pages"}],"about":[{"href":"https:\/\/mundocafe.com.ec\/index.php?rest_route=\/wp\/v2\/types\/page"}],"author":[{"embeddable":true,"href":"https:\/\/mundocafe.com.ec\/index.php?rest_route=\/wp\/v2\/users\/1"}],"replies":[{"embeddable":true,"href":"https:\/\/mundocafe.com.ec\/index.php?rest_route=%2Fwp%2Fv2%2Fcomments&post=363"}],"version-history":[{"count":7,"href":"https:\/\/mundocafe.com.ec\/index.php?rest_route=\/wp\/v2\/pages\/363\/revisions"}],"predecessor-version":[{"id":414,"href":"https:\/\/mundocafe.com.ec\/index.php?rest_route=\/wp\/v2\/pages\/363\/revisions\/414"}],"wp:attachment":[{"href":"https:\/\/mundocafe.com.ec\/index.php?rest_route=%2Fwp%2Fv2%2Fmedia&parent=363"}],"curies":[{"name":"wp","href":"https:\/\/api.w.org\/{rel}","templated":true}]}}