{"id":380,"date":"2026-03-16T17:10:21","date_gmt":"2026-03-16T17:10:21","guid":{"rendered":"https:\/\/mundocafe.com.ec\/?page_id=380"},"modified":"2026-03-16T19:05:27","modified_gmt":"2026-03-16T19:05:27","slug":"nexus","status":"publish","type":"page","link":"https:\/\/mundocafe.com.ec\/?page_id=380","title":{"rendered":"Nexus"},"content":{"rendered":"\t\t<div data-elementor-type=\"wp-post\" data-elementor-id=\"380\" class=\"elementor elementor-380\">\n\t\t\t\t<div class=\"elementor-element elementor-element-5049d22 e-flex e-con-boxed e-con e-parent\" data-id=\"5049d22\" data-element_type=\"container\" data-e-type=\"container\">\n\t\t\t\t\t<div class=\"e-con-inner\">\n\t\t<div class=\"elementor-element elementor-element-1e56dee e-con-full e-flex e-con e-child\" data-id=\"1e56dee\" data-element_type=\"container\" data-e-type=\"container\">\n\t\t\t\t<div class=\"elementor-element elementor-element-1cdb3d5 elementor-widget elementor-widget-image\" data-id=\"1cdb3d5\" data-element_type=\"widget\" data-e-type=\"widget\" data-widget_type=\"image.default\">\n\t\t\t\t<div class=\"elementor-widget-container\">\n\t\t\t\t\t\t\t\t\t\t\t\t\t\t\t<img fetchpriority=\"high\" decoding=\"async\" width=\"792\" height=\"512\" src=\"https:\/\/mundocafe.com.ec\/wp-content\/uploads\/2026\/03\/Nexus-1.jpg\" class=\"attachment-large size-large wp-image-366\" alt=\"\" srcset=\"https:\/\/mundocafe.com.ec\/wp-content\/uploads\/2026\/03\/Nexus-1.jpg 792w, https:\/\/mundocafe.com.ec\/wp-content\/uploads\/2026\/03\/Nexus-1-300x194.jpg 300w, https:\/\/mundocafe.com.ec\/wp-content\/uploads\/2026\/03\/Nexus-1-768x496.jpg 768w\" sizes=\"(max-width: 792px) 100vw, 792px\" \/>\t\t\t\t\t\t\t\t\t\t\t\t\t\t\t<\/div>\n\t\t\t\t<\/div>\n\t\t\t\t<\/div>\n\t\t<div class=\"elementor-element elementor-element-a81aa7c e-con-full e-flex e-con e-child\" data-id=\"a81aa7c\" data-element_type=\"container\" data-e-type=\"container\">\n\t\t<div class=\"elementor-element elementor-element-6ba333b e-flex e-con-boxed e-con e-child\" data-id=\"6ba333b\" data-element_type=\"container\" data-e-type=\"container\">\n\t\t\t\t\t<div class=\"e-con-inner\">\n\t\t\t\t<div class=\"elementor-element elementor-element-8d675df elementor-widget elementor-widget-heading\" data-id=\"8d675df\" data-element_type=\"widget\" data-e-type=\"widget\" data-widget_type=\"heading.default\">\n\t\t\t\t<div class=\"elementor-widget-container\">\n\t\t\t\t\t<h2 class=\"elementor-heading-title elementor-size-default\">Nexus<\/h2>\t\t\t\t<\/div>\n\t\t\t\t<\/div>\n\t\t\t\t\t<\/div>\n\t\t\t\t<\/div>\n\t\t<div class=\"elementor-element elementor-element-d7a8222 e-flex e-con-boxed e-con e-child\" data-id=\"d7a8222\" data-element_type=\"container\" data-e-type=\"container\">\n\t\t\t\t\t<div class=\"e-con-inner\">\n\t\t\t\t<div class=\"elementor-element elementor-element-18a1613 elementor-widget elementor-widget-text-editor\" data-id=\"18a1613\" data-element_type=\"widget\" data-e-type=\"widget\" data-widget_type=\"text-editor.default\">\n\t\t\t\t<div class=\"elementor-widget-container\">\n\t\t\t\t\t\t\t\t\t<p data-path-to-node=\"0\"><b data-path-to-node=\"0,1\" data-index-in-node=\"40\">NEXUS\u00a0<\/b>es la m\u00e1quina mas econ\u00f3mica del mercado. Una m\u00e1quina expendedora de productos solubles que combina elegancia y eficiencia.<\/p><p data-path-to-node=\"0\">Puedes escoger\u00a0tres productos para obtener bebidas deliciosas: Americano, Capuchino, Mocca, T\u00e9 o Choco Leche, servidas mediante salidas independientes para garantizar sabor puro.<\/p><p data-path-to-node=\"0\">Con respaldo t\u00e9cnico y repuestos garantizados por\u00a0<b data-path-to-node=\"0,13\" data-index-in-node=\"50\">Mundo Caf\u00e9<\/b>, \u00a1NEXUS es tu inversi\u00f3n segura!<\/p>\t\t\t\t\t\t\t\t<\/div>\n\t\t\t\t<\/div>\n\t\t\t\t<div class=\"elementor-element elementor-element-17c9b65 elementor-widget elementor-widget-heading\" data-id=\"17c9b65\" data-element_type=\"widget\" data-e-type=\"widget\" data-widget_type=\"heading.default\">\n\t\t\t\t<div class=\"elementor-widget-container\">\n\t\t\t\t\t<h2 class=\"elementor-heading-title elementor-size-default\">PVP:  $850 + Iva<\/h2>\t\t\t\t<\/div>\n\t\t\t\t<\/div>\n\t\t\t\t\t<\/div>\n\t\t\t\t<\/div>\n\t\t\t\t<\/div>\n\t\t\t\t\t<\/div>\n\t\t\t\t<\/div>\n\t\t<div class=\"elementor-element elementor-element-6eefeb9 e-flex e-con-boxed e-con e-parent\" data-id=\"6eefeb9\" data-element_type=\"container\" data-e-type=\"container\">\n\t\t\t\t\t<div class=\"e-con-inner\">\n\t\t<div class=\"elementor-element elementor-element-f13ae1a e-con-full e-flex e-con e-child\" data-id=\"f13ae1a\" data-element_type=\"container\" data-e-type=\"container\">\n\t\t<div class=\"elementor-element elementor-element-ce0fead e-con-full e-flex e-con e-child\" data-id=\"ce0fead\" data-element_type=\"container\" data-e-type=\"container\">\n\t\t\t\t<div class=\"elementor-element elementor-element-c294f31 elementor-widget elementor-widget-heading\" data-id=\"c294f31\" data-element_type=\"widget\" data-e-type=\"widget\" data-widget_type=\"heading.default\">\n\t\t\t\t<div class=\"elementor-widget-container\">\n\t\t\t\t\t<h4 class=\"elementor-heading-title elementor-size-default\">INFORMACI\u00d3N<\/h4>\t\t\t\t<\/div>\n\t\t\t\t<\/div>\n\t\t\t\t<div class=\"elementor-element elementor-element-dfbd057 elementor-widget elementor-widget-text-editor\" data-id=\"dfbd057\" data-element_type=\"widget\" data-e-type=\"widget\" data-widget_type=\"text-editor.default\">\n\t\t\t\t<div class=\"elementor-widget-container\">\n\t\t\t\t\t\t\t\t\t<ul><li>Dise\u00f1o elegante y pr\u00e1ctico con programaci\u00f3n digital precisa.<\/li><li>Gran pantalla iluminada para publicidad y promoci\u00f3n de marca.<\/li><li>Sistema de mezcla con turbina gemela eficiente que evita atascos en horas de alto uso.<\/li><li>Sistema cerrado antibichos y roedores.<\/li><li>Salidas independientes para evitar contaminaci\u00f3n entre productos<\/li><\/ul><p><strong>SISTEMA DE PAGO SE VENDE POR SEPARADO $150<\/strong><\/p>\t\t\t\t\t\t\t\t<\/div>\n\t\t\t\t<\/div>\n\t\t\t\t<\/div>\n\t\t\t\t<\/div>\n\t\t<div class=\"elementor-element elementor-element-4ce2cba e-con-full e-flex e-con e-child\" data-id=\"4ce2cba\" data-element_type=\"container\" data-e-type=\"container\">\n\t\t\t\t<div class=\"elementor-element elementor-element-da66275 elementor-widget elementor-widget-image\" data-id=\"da66275\" data-element_type=\"widget\" data-e-type=\"widget\" data-widget_type=\"image.default\">\n\t\t\t\t<div class=\"elementor-widget-container\">\n\t\t\t\t\t\t\t\t\t\t\t\t\t\t\t<img decoding=\"async\" src=\"https:\/\/mundocafe.com.ec\/wp-content\/uploads\/elementor\/thumbs\/Nexus-2-rklog3snkwxyg6eux3uy4iglqsz1d314vdl1upsjog.jpg\" title=\"Nexus 2\" alt=\"Nexus 2\" loading=\"lazy\" \/>\t\t\t\t\t\t\t\t\t\t\t\t\t\t\t<\/div>\n\t\t\t\t<\/div>\n\t\t\t\t<\/div>\n\t\t\t\t\t<\/div>\n\t\t\t\t<\/div>\n\t\t<div class=\"elementor-element elementor-element-954b13d e-flex e-con-boxed e-con e-parent\" data-id=\"954b13d\" data-element_type=\"container\" data-e-type=\"container\">\n\t\t\t\t\t<div class=\"e-con-inner\">\n\t\t\t\t<div class=\"elementor-element elementor-element-0959f36 elementor-widget-divider--view-line elementor-widget elementor-widget-divider\" data-id=\"0959f36\" data-element_type=\"widget\" data-e-type=\"widget\" data-widget_type=\"divider.default\">\n\t\t\t\t<div class=\"elementor-widget-container\">\n\t\t\t\t\t\t\t<div class=\"elementor-divider\">\n\t\t\t<span class=\"elementor-divider-separator\">\n\t\t\t\t\t\t<\/span>\n\t\t<\/div>\n\t\t\t\t\t\t<\/div>\n\t\t\t\t<\/div>\n\t\t\t\t\t<\/div>\n\t\t\t\t<\/div>\n\t\t<div class=\"elementor-element elementor-element-d4cc163 e-flex e-con-boxed e-con e-parent\" data-id=\"d4cc163\" data-element_type=\"container\" data-e-type=\"container\">\n\t\t\t\t\t<div class=\"e-con-inner\">\n\t\t<div class=\"elementor-element elementor-element-ef86f44 e-con-full e-flex e-con e-child\" data-id=\"ef86f44\" data-element_type=\"container\" data-e-type=\"container\">\n\t\t\t\t<div class=\"elementor-element elementor-element-f1bf868 elementor-widget elementor-widget-image\" data-id=\"f1bf868\" data-element_type=\"widget\" data-e-type=\"widget\" data-widget_type=\"image.default\">\n\t\t\t\t<div class=\"elementor-widget-container\">\n\t\t\t\t\t\t\t\t\t\t\t\t\t\t\t<img decoding=\"async\" width=\"768\" height=\"573\" src=\"https:\/\/mundocafe.com.ec\/wp-content\/uploads\/2026\/03\/Nexus-3.jpg\" class=\"attachment-medium_large size-medium_large wp-image-368\" alt=\"\" srcset=\"https:\/\/mundocafe.com.ec\/wp-content\/uploads\/2026\/03\/Nexus-3.jpg 768w, https:\/\/mundocafe.com.ec\/wp-content\/uploads\/2026\/03\/Nexus-3-300x224.jpg 300w\" sizes=\"(max-width: 768px) 100vw, 768px\" \/>\t\t\t\t\t\t\t\t\t\t\t\t\t\t\t<\/div>\n\t\t\t\t<\/div>\n\t\t\t\t<\/div>\n\t\t<div class=\"elementor-element elementor-element-a984fd2 e-con-full e-flex e-con e-child\" data-id=\"a984fd2\" data-element_type=\"container\" data-e-type=\"container\">\n\t\t<div class=\"elementor-element elementor-element-aa94ac1 e-con-full e-flex e-con e-child\" data-id=\"aa94ac1\" data-element_type=\"container\" data-e-type=\"container\">\n\t\t\t\t<div class=\"elementor-element elementor-element-0f124ff elementor-widget elementor-widget-heading\" data-id=\"0f124ff\" data-element_type=\"widget\" data-e-type=\"widget\" data-widget_type=\"heading.default\">\n\t\t\t\t<div class=\"elementor-widget-container\">\n\t\t\t\t\t<h4 class=\"elementor-heading-title elementor-size-default\">CARACTER\u00cdSTICAS<\/h4>\t\t\t\t<\/div>\n\t\t\t\t<\/div>\n\t\t\t\t<div class=\"elementor-element elementor-element-b4b7cb5 elementor-widget elementor-widget-text-editor\" data-id=\"b4b7cb5\" data-element_type=\"widget\" data-e-type=\"widget\" data-widget_type=\"text-editor.default\">\n\t\t\t\t<div class=\"elementor-widget-container\">\n\t\t\t\t\t\t\t\t\t<ul><li>Modelo 2.026<\/li><li>110v \u2013 50-60Hz \u2013 1.500w<\/li><li>Dimensiones (alt x anc x prof) 74cm x 30cm x 46,5cm<\/li><li>Peso 13Kg<\/li><li>3 tipos de bebidas<\/li><li>3 contenedores de solubles<\/li><li>Toma directa de agua y botell\u00f3n<\/li><\/ul>\t\t\t\t\t\t\t\t<\/div>\n\t\t\t\t<\/div>\n\t\t\t\t<\/div>\n\t\t\t\t<\/div>\n\t\t\t\t\t<\/div>\n\t\t\t\t<\/div>\n\t\t\t\t<\/div>\n\t\t","protected":false},"excerpt":{"rendered":"<p>Nexus NEXUS\u00a0es la m\u00e1quina mas econ\u00f3mica del mercado. Una m\u00e1quina expendedora de productos solubles que combina elegancia y eficiencia. Puedes escoger\u00a0tres productos para obtener bebidas deliciosas: Americano, Capuchino, Mocca, T\u00e9 o Choco Leche, servidas mediante salidas independientes para garantizar sabor puro. Con respaldo t\u00e9cnico y repuestos garantizados por\u00a0Mundo Caf\u00e9, \u00a1NEXUS es tu inversi\u00f3n segura! PVP: [&hellip;]<\/p>\n","protected":false},"author":1,"featured_media":0,"parent":0,"menu_order":0,"comment_status":"closed","ping_status":"closed","template":"","meta":{"footnotes":""},"class_list":["post-380","page","type-page","status-publish","hentry"],"_links":{"self":[{"href":"https:\/\/mundocafe.com.ec\/index.php?rest_route=\/wp\/v2\/pages\/380","targetHints":{"allow":["GET"]}}],"collection":[{"href":"https:\/\/mundocafe.com.ec\/index.php?rest_route=\/wp\/v2\/pages"}],"about":[{"href":"https:\/\/mundocafe.com.ec\/index.php?rest_route=\/wp\/v2\/types\/page"}],"author":[{"embeddable":true,"href":"https:\/\/mundocafe.com.ec\/index.php?rest_route=\/wp\/v2\/users\/1"}],"replies":[{"embeddable":true,"href":"https:\/\/mundocafe.com.ec\/index.php?rest_route=%2Fwp%2Fv2%2Fcomments&post=380"}],"version-history":[{"count":8,"href":"https:\/\/mundocafe.com.ec\/index.php?rest_route=\/wp\/v2\/pages\/380\/revisions"}],"predecessor-version":[{"id":411,"href":"https:\/\/mundocafe.com.ec\/index.php?rest_route=\/wp\/v2\/pages\/380\/revisions\/411"}],"wp:attachment":[{"href":"https:\/\/mundocafe.com.ec\/index.php?rest_route=%2Fwp%2Fv2%2Fmedia&parent=380"}],"curies":[{"name":"wp","href":"https:\/\/api.w.org\/{rel}","templated":true}]}}