{"id":72,"date":"2023-09-15T22:22:33","date_gmt":"2023-09-15T22:22:33","guid":{"rendered":"https:\/\/mundocafe.com.ec\/?page_id=72"},"modified":"2025-11-11T22:09:46","modified_gmt":"2025-11-11T22:09:46","slug":"saeco-royal","status":"publish","type":"page","link":"https:\/\/mundocafe.com.ec\/?page_id=72","title":{"rendered":"Saeco Royal OTC"},"content":{"rendered":"\t\t<div data-elementor-type=\"wp-post\" data-elementor-id=\"72\" class=\"elementor elementor-72\">\n\t\t\t\t<div class=\"elementor-element elementor-element-5049d22 e-flex e-con-boxed e-con e-parent\" data-id=\"5049d22\" data-element_type=\"container\" data-e-type=\"container\">\n\t\t\t\t\t<div class=\"e-con-inner\">\n\t\t<div class=\"elementor-element elementor-element-1e56dee e-con-full e-flex e-con e-child\" data-id=\"1e56dee\" data-element_type=\"container\" data-e-type=\"container\">\n\t\t\t\t<div class=\"elementor-element elementor-element-1cdb3d5 elementor-widget elementor-widget-image\" data-id=\"1cdb3d5\" data-element_type=\"widget\" data-e-type=\"widget\" data-widget_type=\"image.default\">\n\t\t\t\t<div class=\"elementor-widget-container\">\n\t\t\t\t\t\t\t\t\t\t\t\t\t\t\t<img fetchpriority=\"high\" decoding=\"async\" width=\"1024\" height=\"682\" src=\"https:\/\/mundocafe.com.ec\/wp-content\/uploads\/2023\/09\/img01-1024x682.jpg\" class=\"attachment-large size-large wp-image-22\" alt=\"\" srcset=\"https:\/\/mundocafe.com.ec\/wp-content\/uploads\/2023\/09\/img01-1024x682.jpg 1024w, https:\/\/mundocafe.com.ec\/wp-content\/uploads\/2023\/09\/img01-300x200.jpg 300w, https:\/\/mundocafe.com.ec\/wp-content\/uploads\/2023\/09\/img01-768x512.jpg 768w, https:\/\/mundocafe.com.ec\/wp-content\/uploads\/2023\/09\/img01.jpg 1280w\" sizes=\"(max-width: 1024px) 100vw, 1024px\" \/>\t\t\t\t\t\t\t\t\t\t\t\t\t\t\t<\/div>\n\t\t\t\t<\/div>\n\t\t\t\t<\/div>\n\t\t<div class=\"elementor-element elementor-element-a81aa7c e-con-full e-flex e-con e-child\" data-id=\"a81aa7c\" data-element_type=\"container\" data-e-type=\"container\">\n\t\t<div class=\"elementor-element elementor-element-6ba333b e-flex e-con-boxed e-con e-child\" data-id=\"6ba333b\" data-element_type=\"container\" data-e-type=\"container\">\n\t\t\t\t\t<div class=\"e-con-inner\">\n\t\t\t\t<div class=\"elementor-element elementor-element-8d675df elementor-widget elementor-widget-heading\" data-id=\"8d675df\" data-element_type=\"widget\" data-e-type=\"widget\" data-widget_type=\"heading.default\">\n\t\t\t\t<div class=\"elementor-widget-container\">\n\t\t\t\t\t<h2 class=\"elementor-heading-title elementor-size-default\">Saeco Royal OTC<\/h2>\t\t\t\t<\/div>\n\t\t\t\t<\/div>\n\t\t\t\t\t<\/div>\n\t\t\t\t<\/div>\n\t\t<div class=\"elementor-element elementor-element-d7a8222 e-flex e-con-boxed e-con e-child\" data-id=\"d7a8222\" data-element_type=\"container\" data-e-type=\"container\">\n\t\t\t\t\t<div class=\"e-con-inner\">\n\t\t\t\t<div class=\"elementor-element elementor-element-18a1613 elementor-widget elementor-widget-text-editor\" data-id=\"18a1613\" data-element_type=\"widget\" data-e-type=\"widget\" data-widget_type=\"text-editor.default\">\n\t\t\t\t<div class=\"elementor-widget-container\">\n\t\t\t\t\t\t\t\t\t<p>Royal tiene todas las funciones que necesitas para que tu pausa sea au\u0301n ma\u0301s agradable.<\/p><p>Un disen\u0303o atrevido. Una imagen elegante.\u00a0Componentes profesionales y funcionales.<\/p><p>Eleccio\u0301n de bebidas que dotan a la ma\u0301quina de un estilo futurista. Alto rendimiento y aspecto de alta tecnologi\u0301a. Royal es todo esto y ma\u0301s. Se adapta perfectamente a cualquier entorno de trabajo,desde el ma\u0301s elegante al ma\u0301s informal.<\/p>\t\t\t\t\t\t\t\t<\/div>\n\t\t\t\t<\/div>\n\t\t\t\t<div class=\"elementor-element elementor-element-17c9b65 elementor-widget elementor-widget-heading\" data-id=\"17c9b65\" data-element_type=\"widget\" data-e-type=\"widget\" data-widget_type=\"heading.default\">\n\t\t\t\t<div class=\"elementor-widget-container\">\n\t\t\t\t\t<h2 class=\"elementor-heading-title elementor-size-default\">PVP:  $1.800 + Iva<\/h2>\t\t\t\t<\/div>\n\t\t\t\t<\/div>\n\t\t\t\t\t<\/div>\n\t\t\t\t<\/div>\n\t\t\t\t<\/div>\n\t\t\t\t\t<\/div>\n\t\t\t\t<\/div>\n\t\t<div class=\"elementor-element elementor-element-34da7a9 e-flex e-con-boxed e-con e-parent\" data-id=\"34da7a9\" data-element_type=\"container\" data-e-type=\"container\">\n\t\t\t\t\t<div class=\"e-con-inner\">\n\t\t\t\t<div class=\"elementor-element elementor-element-de99a1f elementor-widget elementor-widget-video\" data-id=\"de99a1f\" data-element_type=\"widget\" data-e-type=\"widget\" data-settings=\"{&quot;youtube_url&quot;:&quot;https:\\\/\\\/youtu.be\\\/QzaGTO0cqKs?si=Pq0UMTvP8qp1ewzC&quot;,&quot;autoplay&quot;:&quot;yes&quot;,&quot;play_on_mobile&quot;:&quot;yes&quot;,&quot;mute&quot;:&quot;yes&quot;,&quot;loop&quot;:&quot;yes&quot;,&quot;video_type&quot;:&quot;youtube&quot;}\" data-widget_type=\"video.default\">\n\t\t\t\t<div class=\"elementor-widget-container\">\n\t\t\t\t\t\t\t<div class=\"elementor-wrapper elementor-open-inline\">\n\t\t\t<div class=\"elementor-video\"><\/div>\t\t<\/div>\n\t\t\t\t\t\t<\/div>\n\t\t\t\t<\/div>\n\t\t\t\t\t<\/div>\n\t\t\t\t<\/div>\n\t\t<div class=\"elementor-element elementor-element-6eefeb9 e-flex e-con-boxed e-con e-parent\" data-id=\"6eefeb9\" data-element_type=\"container\" data-e-type=\"container\">\n\t\t\t\t\t<div class=\"e-con-inner\">\n\t\t<div class=\"elementor-element elementor-element-f13ae1a e-con-full e-flex e-con e-child\" data-id=\"f13ae1a\" data-element_type=\"container\" data-e-type=\"container\">\n\t\t<div class=\"elementor-element elementor-element-ce0fead e-con-full e-flex e-con e-child\" data-id=\"ce0fead\" data-element_type=\"container\" data-e-type=\"container\">\n\t\t\t\t<div class=\"elementor-element elementor-element-c294f31 elementor-widget elementor-widget-heading\" data-id=\"c294f31\" data-element_type=\"widget\" data-e-type=\"widget\" data-widget_type=\"heading.default\">\n\t\t\t\t<div class=\"elementor-widget-container\">\n\t\t\t\t\t<h4 class=\"elementor-heading-title elementor-size-default\">INFORMACI\u00d3N<\/h4>\t\t\t\t<\/div>\n\t\t\t\t<\/div>\n\t\t\t\t<div class=\"elementor-element elementor-element-dfbd057 elementor-widget elementor-widget-text-editor\" data-id=\"dfbd057\" data-element_type=\"widget\" data-e-type=\"widget\" data-widget_type=\"text-editor.default\">\n\t\t\t\t<div class=\"elementor-widget-container\">\n\t\t\t\t\t\t\t\t\t<p>Italiana y con molino de caf\u00e9 integrado. Prepara caf\u00e9 espresso de excelente calidad presionando un solo bot\u00f3n.<\/p><p>\u00cdconos para preparar hasta 8 tipos de bebidas directamente. No obstante Royal le permite preparar todas las bebidas calientes conocidas. Adem\u00e1s, le permite preparar dos caf\u00e9s al mismo tiempo.<\/p><p>Dispone de cappuccinador integrado y le permite espumar leche para preparar cappuccinos presionando un solo bot\u00f3n.<\/p><p>Dispone de contador de bebidas para un mejor control. Ajuste de grosor de molienda y cantidad de caf\u00e9 por molienda, No requiere instalaciones de agua ni desag\u00fce.\u00a0<\/p><p>Recomendada para oficinas de hasta 25 personas, Restaurantes, Cafeterias peque\u00f1as y medianas, Bares y Panader\u00edas; incluso por su facilidad de uso, en el hogar.<\/p><p>Dise\u00f1ada para trabajar 50 a 100 tazas diarias (en promedio)<\/p>\t\t\t\t\t\t\t\t<\/div>\n\t\t\t\t<\/div>\n\t\t\t\t<\/div>\n\t\t\t\t<\/div>\n\t\t<div class=\"elementor-element elementor-element-4ce2cba e-con-full e-flex e-con e-child\" data-id=\"4ce2cba\" data-element_type=\"container\" data-e-type=\"container\">\n\t\t\t\t<div class=\"elementor-element elementor-element-da66275 elementor-widget elementor-widget-image\" data-id=\"da66275\" data-element_type=\"widget\" data-e-type=\"widget\" data-widget_type=\"image.default\">\n\t\t\t\t<div class=\"elementor-widget-container\">\n\t\t\t\t\t\t\t\t\t\t\t\t\t\t\t<img decoding=\"async\" width=\"620\" height=\"620\" src=\"https:\/\/mundocafe.com.ec\/wp-content\/uploads\/2023\/09\/royal_-_brochure_esp_pages-to-jpg-0001a.jpg\" class=\"attachment-medium_large size-medium_large wp-image-65\" alt=\"\" srcset=\"https:\/\/mundocafe.com.ec\/wp-content\/uploads\/2023\/09\/royal_-_brochure_esp_pages-to-jpg-0001a.jpg 620w, https:\/\/mundocafe.com.ec\/wp-content\/uploads\/2023\/09\/royal_-_brochure_esp_pages-to-jpg-0001a-300x300.jpg 300w, https:\/\/mundocafe.com.ec\/wp-content\/uploads\/2023\/09\/royal_-_brochure_esp_pages-to-jpg-0001a-150x150.jpg 150w\" sizes=\"(max-width: 620px) 100vw, 620px\" \/>\t\t\t\t\t\t\t\t\t\t\t\t\t\t\t<\/div>\n\t\t\t\t<\/div>\n\t\t\t\t<\/div>\n\t\t\t\t\t<\/div>\n\t\t\t\t<\/div>\n\t\t<div class=\"elementor-element elementor-element-954b13d e-flex e-con-boxed e-con e-parent\" data-id=\"954b13d\" data-element_type=\"container\" data-e-type=\"container\">\n\t\t\t\t\t<div class=\"e-con-inner\">\n\t\t\t\t<div class=\"elementor-element elementor-element-0959f36 elementor-widget-divider--view-line elementor-widget elementor-widget-divider\" data-id=\"0959f36\" data-element_type=\"widget\" data-e-type=\"widget\" data-widget_type=\"divider.default\">\n\t\t\t\t<div class=\"elementor-widget-container\">\n\t\t\t\t\t\t\t<div class=\"elementor-divider\">\n\t\t\t<span class=\"elementor-divider-separator\">\n\t\t\t\t\t\t<\/span>\n\t\t<\/div>\n\t\t\t\t\t\t<\/div>\n\t\t\t\t<\/div>\n\t\t\t\t\t<\/div>\n\t\t\t\t<\/div>\n\t\t<div class=\"elementor-element elementor-element-d4cc163 e-flex e-con-boxed e-con e-parent\" data-id=\"d4cc163\" data-element_type=\"container\" data-e-type=\"container\">\n\t\t\t\t\t<div class=\"e-con-inner\">\n\t\t<div class=\"elementor-element elementor-element-ef86f44 e-con-full e-flex e-con e-child\" data-id=\"ef86f44\" data-element_type=\"container\" data-e-type=\"container\">\n\t\t\t\t<div class=\"elementor-element elementor-element-f1bf868 elementor-widget elementor-widget-image\" data-id=\"f1bf868\" data-element_type=\"widget\" data-e-type=\"widget\" data-widget_type=\"image.default\">\n\t\t\t\t<div class=\"elementor-widget-container\">\n\t\t\t\t\t\t\t\t\t\t\t\t\t\t\t<img decoding=\"async\" width=\"620\" height=\"620\" src=\"https:\/\/mundocafe.com.ec\/wp-content\/uploads\/2023\/09\/royal_-_brochure_esp_pages-to-jpg-0004.jpg\" class=\"attachment-medium_large size-medium_large wp-image-66\" alt=\"\" srcset=\"https:\/\/mundocafe.com.ec\/wp-content\/uploads\/2023\/09\/royal_-_brochure_esp_pages-to-jpg-0004.jpg 620w, https:\/\/mundocafe.com.ec\/wp-content\/uploads\/2023\/09\/royal_-_brochure_esp_pages-to-jpg-0004-300x300.jpg 300w, https:\/\/mundocafe.com.ec\/wp-content\/uploads\/2023\/09\/royal_-_brochure_esp_pages-to-jpg-0004-150x150.jpg 150w\" sizes=\"(max-width: 620px) 100vw, 620px\" \/>\t\t\t\t\t\t\t\t\t\t\t\t\t\t\t<\/div>\n\t\t\t\t<\/div>\n\t\t\t\t<\/div>\n\t\t<div class=\"elementor-element elementor-element-a984fd2 e-con-full e-flex e-con e-child\" data-id=\"a984fd2\" data-element_type=\"container\" data-e-type=\"container\">\n\t\t<div class=\"elementor-element elementor-element-aa94ac1 e-con-full e-flex e-con e-child\" data-id=\"aa94ac1\" data-element_type=\"container\" data-e-type=\"container\">\n\t\t\t\t<div class=\"elementor-element elementor-element-0f124ff elementor-widget elementor-widget-heading\" data-id=\"0f124ff\" data-element_type=\"widget\" data-e-type=\"widget\" data-widget_type=\"heading.default\">\n\t\t\t\t<div class=\"elementor-widget-container\">\n\t\t\t\t\t<h4 class=\"elementor-heading-title elementor-size-default\">CARACTER\u00cdSTICAS<\/h4>\t\t\t\t<\/div>\n\t\t\t\t<\/div>\n\t\t\t\t<div class=\"elementor-element elementor-element-b4b7cb5 elementor-widget elementor-widget-text-editor\" data-id=\"b4b7cb5\" data-element_type=\"widget\" data-e-type=\"widget\" data-widget_type=\"text-editor.default\">\n\t\t\t\t<div class=\"elementor-widget-container\">\n\t\t\t\t\t\t\t\t\t<ul><li>\u00daltimo modelo<\/li><li>Interfaz capacitiva con iconos foto-realistas<\/li><li>Grupo de caf\u00e9 extra\u00edble para limpieza<\/li><li>Muelas c\u00f3nicas de acero<\/li><li>Vano de erogaci\u00f3n ajustable en altura<\/li><li>Electr\u00f3nica de vanguardia predise\u00f1ada para conectividad Bluetooth<\/li><li>110v &#8211; 1.400w<\/li><li>Dimensiones (anc x alt x prof) 28cm x 40cm x 46cm<\/li><li>Peso 10Kg<\/li><li>Tanque Agua de 2.5 litros<\/li><\/ul>\t\t\t\t\t\t\t\t<\/div>\n\t\t\t\t<\/div>\n\t\t\t\t<\/div>\n\t\t\t\t<\/div>\n\t\t\t\t\t<\/div>\n\t\t\t\t<\/div>\n\t\t\t\t<\/div>\n\t\t","protected":false},"excerpt":{"rendered":"<p>Saeco Royal OTC Royal tiene todas las funciones que necesitas para que tu pausa sea au\u0301n ma\u0301s agradable. Un disen\u0303o atrevido. Una imagen elegante.\u00a0Componentes profesionales y funcionales. Eleccio\u0301n de bebidas que dotan a la ma\u0301quina de un estilo futurista. Alto rendimiento y aspecto de alta tecnologi\u0301a. Royal es todo esto y ma\u0301s. Se adapta perfectamente [&hellip;]<\/p>\n","protected":false},"author":1,"featured_media":0,"parent":0,"menu_order":0,"comment_status":"closed","ping_status":"closed","template":"","meta":{"footnotes":""},"class_list":["post-72","page","type-page","status-publish","hentry"],"_links":{"self":[{"href":"https:\/\/mundocafe.com.ec\/index.php?rest_route=\/wp\/v2\/pages\/72","targetHints":{"allow":["GET"]}}],"collection":[{"href":"https:\/\/mundocafe.com.ec\/index.php?rest_route=\/wp\/v2\/pages"}],"about":[{"href":"https:\/\/mundocafe.com.ec\/index.php?rest_route=\/wp\/v2\/types\/page"}],"author":[{"embeddable":true,"href":"https:\/\/mundocafe.com.ec\/index.php?rest_route=\/wp\/v2\/users\/1"}],"replies":[{"embeddable":true,"href":"https:\/\/mundocafe.com.ec\/index.php?rest_route=%2Fwp%2Fv2%2Fcomments&post=72"}],"version-history":[{"count":29,"href":"https:\/\/mundocafe.com.ec\/index.php?rest_route=\/wp\/v2\/pages\/72\/revisions"}],"predecessor-version":[{"id":344,"href":"https:\/\/mundocafe.com.ec\/index.php?rest_route=\/wp\/v2\/pages\/72\/revisions\/344"}],"wp:attachment":[{"href":"https:\/\/mundocafe.com.ec\/index.php?rest_route=%2Fwp%2Fv2%2Fmedia&parent=72"}],"curies":[{"name":"wp","href":"https:\/\/api.w.org\/{rel}","templated":true}]}}